{"id":8276,"date":"2023-02-10T16:14:49","date_gmt":"2023-02-10T16:14:49","guid":{"rendered":"https:\/\/equipebl.com\/privacy-policy\/"},"modified":"2025-09-19T20:08:08","modified_gmt":"2025-09-19T20:08:08","slug":"privacy-policy","status":"publish","type":"page","link":"https:\/\/equipebl.com\/en\/privacy-policy\/","title":{"rendered":"Privacy policy"},"content":{"rendered":"\n<div style=\"height:50px\" aria-hidden=\"true\" class=\"wp-block-spacer\"><\/div>\n\n\n\n<p>Respecting your privacy is of the utmost importance to <strong>\u00c9quipe BL Agence Immobili\u00e8re<\/strong>, who is responsible for this website.<\/p>\n\n\n\n<p>This privacy policy aims to inform you about:<\/p>\n\n\n\n<ul class=\"wp-block-list\">\n<li>How your personal information is collected and processed.<\/li>\n\n\n\n<li>Who is responsible for processing the collected personal information.<\/li>\n\n\n\n<li>To whom this information may be disclosed.<\/li>\n\n\n\n<li>What rights you have regarding this information.<\/li>\n<\/ul>\n\n\n\n<h2 class=\"wp-block-heading\">1. Application of this Policy<\/h2>\n\n\n\n<p><strong>\u00c9quipe BL Agence Immobili\u00e8re<\/strong> reserves the right to modify its privacy policy at any time and without prior notice. You can always review the policy applied on this website. The last policy update is indicated at the bottom of this page.<\/p>\n\n\n\n<h2 class=\"wp-block-heading\">2. Collection and Processing of Information<\/h2>\n\n\n\n<p><strong>\u00c9quipe BL Agence Immobili\u00e8re<\/strong> collects the following personal information:<\/p>\n\n\n\n<ul class=\"wp-block-list\">\n<li>First name and last name<\/li>\n\n\n\n<li>Email address<\/li>\n\n\n\n<li>Mailing address<\/li>\n\n\n\n<li>Phone number<\/li>\n<\/ul>\n\n\n\n<p>This information is collected through various forms on the website. It is used to communicate with you and respond to property appraisal requests.<\/p>\n\n\n\n<h2 class=\"wp-block-heading\">3. Responsible for the Protection of Personal Information<\/h2>\n\n\n\n<p><strong>\u00c9quipe BL Agence Immobili\u00e8re<\/strong> is committed to protecting the personal information collected, not disclosing it to third parties without informing you and respecting the purposes for which it was collected.<\/p>\n\n\n\n<p>Furthermore, <strong>\u00c9quipe BL Agence Immobili\u00e8re<\/strong> is committed to notifying you by all means available should the confidentiality of your personal information be compromised.<\/p>\n\n\n\n<h2 class=\"wp-block-heading\">4. Request for Access<\/h2>\n\n\n\n<p>You may submit an information access request for your personal data held by <strong>\u00c9quipe BL Agence Immobili\u00e8re<\/strong>. You can also request to have this information corrected.<\/p>\n\n\n\n<p><strong>Contact : \u00c9quipe BL Agence Immobili\u00e8re at <a href=\"mailto:info@equipebl.com\">info@equipebl.com<\/a><\/strong><\/p>\n\n\n\n<h2 class=\"wp-block-heading\">5. Security<\/h2>\n\n\n\n<p>The personal information we collect is stored in a secure environment. Our staff members are required to respect the confidentiality of your information.<\/p>\n\n\n\n<h2 class=\"wp-block-heading\">6. Use of Cookies<\/h2>\n\n\n\n<p>Cookies are used to facilitate navigation on the pages of this website. These cookies do not allow the collecting of personal information about you. You can configure your browser at any time to block cookies. However, this action may deprive you of certain functions offered on the site.<\/p>\n\n\n\n<p>Cookies are also used by Google Analytics. This tool collects information about your browsing activities for statistical purposes to improve your user experience. The information is stored, notably, in the United States. Google may only disclose it to third parties if legally required to do so or when processing it for its own purposes. The data is also shared on <strong>\u00c9quipe BL Agence Immobili\u00e8re <\/strong>Google Ads and Google Search Console accounts. This information includes:<\/p>\n\n\n\n<ul class=\"wp-block-list\">\n<li>The anonymized IP address of your computer (your IP address is modified, preventing anyone from identifying you).<\/li>\n\n\n\n<li>The operating system of your device.<\/li>\n\n\n\n<li>The pages visited (date, time, duration, and frequency of your visits).<\/li>\n<\/ul>\n\n\n\n<h2 class=\"wp-block-heading\">7. Links to Other Websites<\/h2>\n\n\n\n<p>www.equipebl.com contains links to external websites. <strong>\u00c9quipe BL Agence Immobili\u00e8re<\/strong> is not responsible for content on these sites or their privacy practices.<\/p>\n\n\n\n<h2 class=\"wp-block-heading\">8. Minors<\/h2>\n\n\n\n<p><strong>\u00c9quipe BL Agence Immobili\u00e8re<\/strong> does not collect nor use a minor\u2019s personal information without parental or guardian consent.<\/p>\n\n\n\n<h2 class=\"wp-block-heading\">9. Legislation<\/h2>\n\n\n\n<p>We commit to complying with the legislative provisions set out in the <a href=\"https:\/\/www.legisquebec.gouv.qc.ca\/en\/document\/cs\/p-39.1\" target=\"_blank\" rel=\"noreferrer noopener\">ACT RESPECTING THE PROTECTION OF PERSONAL INFORMATION IN THE PRIVATE SECTOR.<\/a><\/p>\n\n\n\n<div style=\"height:100px\" aria-hidden=\"true\" class=\"wp-block-spacer\"><\/div>\n\n\n\n<p>Last Update: April 14th, 2023<\/p>\n\n\n\n<div style=\"height:100px\" aria-hidden=\"true\" class=\"wp-block-spacer\"><\/div>\n","protected":false},"excerpt":{"rendered":"<p>Respecting your privacy is of the utmost importance to \u00c9quipe BL Agence Immobili\u00e8re, who is responsible for this website. This privacy policy aims to inform you about: 1. Application of this Policy \u00c9quipe BL Agence Immobili\u00e8re reserves the right to modify its privacy policy at any time and without prior notice. You can always review &#8230; <a title=\"Privacy policy\" class=\"read-more\" href=\"https:\/\/equipebl.com\/en\/privacy-policy\/\" aria-label=\"Read more about Privacy policy\">Lire l&#8217;article<\/a><\/p>\n","protected":false},"author":5,"featured_media":0,"parent":0,"menu_order":0,"comment_status":"closed","ping_status":"open","template":"","meta":{"_acf_changed":false,"footnotes":""},"class_list":{"0":"post-8276","1":"page","2":"type-page","3":"status-publish","5":"no-featured-image-padding"},"acf":[],"yoast_head":"<!-- This site is optimized with the Yoast SEO plugin v27.2 - https:\/\/yoast.com\/product\/yoast-seo-wordpress\/ -->\n<title>Privacy policy - Equipe BL<\/title>\n<meta name=\"robots\" content=\"index, follow, max-snippet:-1, max-image-preview:large, max-video-preview:-1\" \/>\n<link rel=\"canonical\" href=\"https:\/\/equipebl.com\/en\/privacy-policy\/\" \/>\n<meta property=\"og:locale\" content=\"en_US\" \/>\n<meta property=\"og:type\" content=\"article\" \/>\n<meta property=\"og:title\" content=\"Privacy policy - Equipe BL\" \/>\n<meta property=\"og:description\" content=\"Respecting your privacy is of the utmost importance to \u00c9quipe BL Agence Immobili\u00e8re, who is responsible for this website. This privacy policy aims to inform you about: 1. Application of this Policy \u00c9quipe BL Agence Immobili\u00e8re reserves the right to modify its privacy policy at any time and without prior notice. You can always review ... Lire l&#039;article\" \/>\n<meta property=\"og:url\" content=\"https:\/\/equipebl.com\/en\/privacy-policy\/\" \/>\n<meta property=\"og:site_name\" content=\"Equipe BL\" \/>\n<meta property=\"article:publisher\" content=\"https:\/\/www.facebook.com\/equipeblimmobilier\" \/>\n<meta property=\"article:modified_time\" content=\"2025-09-19T20:08:08+00:00\" \/>\n<meta name=\"twitter:card\" content=\"summary_large_image\" \/>\n<meta name=\"twitter:label1\" content=\"Est. reading time\" \/>\n\t<meta name=\"twitter:data1\" content=\"3 minutes\" \/>\n<script type=\"application\/ld+json\" class=\"yoast-schema-graph\">{\"@context\":\"https:\/\/schema.org\",\"@graph\":[{\"@type\":\"WebPage\",\"@id\":\"https:\/\/equipebl.com\/en\/privacy-policy\/\",\"url\":\"https:\/\/equipebl.com\/en\/privacy-policy\/\",\"name\":\"Privacy policy - Equipe BL\",\"isPartOf\":{\"@id\":\"https:\/\/equipebl.com\/#website\"},\"datePublished\":\"2023-02-10T16:14:49+00:00\",\"dateModified\":\"2025-09-19T20:08:08+00:00\",\"breadcrumb\":{\"@id\":\"https:\/\/equipebl.com\/en\/privacy-policy\/#breadcrumb\"},\"inLanguage\":\"en-US\",\"potentialAction\":[{\"@type\":\"ReadAction\",\"target\":[\"https:\/\/equipebl.com\/en\/privacy-policy\/\"]}]},{\"@type\":\"BreadcrumbList\",\"@id\":\"https:\/\/equipebl.com\/en\/privacy-policy\/#breadcrumb\",\"itemListElement\":[{\"@type\":\"ListItem\",\"position\":1,\"name\":\"Accueil\",\"item\":\"https:\/\/equipebl.com\/en\/\"},{\"@type\":\"ListItem\",\"position\":2,\"name\":\"Privacy policy\"}]},{\"@type\":\"WebSite\",\"@id\":\"https:\/\/equipebl.com\/#website\",\"url\":\"https:\/\/equipebl.com\/\",\"name\":\"Equipe BL\",\"description\":\"\",\"publisher\":{\"@id\":\"https:\/\/equipebl.com\/#organization\"},\"potentialAction\":[{\"@type\":\"SearchAction\",\"target\":{\"@type\":\"EntryPoint\",\"urlTemplate\":\"https:\/\/equipebl.com\/?s={search_term_string}\"},\"query-input\":{\"@type\":\"PropertyValueSpecification\",\"valueRequired\":true,\"valueName\":\"search_term_string\"}}],\"inLanguage\":\"en-US\"},{\"@type\":\"Organization\",\"@id\":\"https:\/\/equipebl.com\/#organization\",\"name\":\"Equipe BL\",\"url\":\"https:\/\/equipebl.com\/\",\"logo\":{\"@type\":\"ImageObject\",\"inLanguage\":\"en-US\",\"@id\":\"https:\/\/equipebl.com\/#\/schema\/logo\/image\/\",\"url\":\"https:\/\/equipebl.com\/wp-content\/uploads\/2023\/04\/cropped-Logo-Equipe-BL-Header.png\",\"contentUrl\":\"https:\/\/equipebl.com\/wp-content\/uploads\/2023\/04\/cropped-Logo-Equipe-BL-Header.png\",\"width\":250,\"height\":65,\"caption\":\"Equipe BL\"},\"image\":{\"@id\":\"https:\/\/equipebl.com\/#\/schema\/logo\/image\/\"},\"sameAs\":[\"https:\/\/www.facebook.com\/equipeblimmobilier\"]}]}<\/script>\n<!-- \/ Yoast SEO plugin. -->","yoast_head_json":{"title":"Privacy policy - Equipe BL","robots":{"index":"index","follow":"follow","max-snippet":"max-snippet:-1","max-image-preview":"max-image-preview:large","max-video-preview":"max-video-preview:-1"},"canonical":"https:\/\/equipebl.com\/en\/privacy-policy\/","og_locale":"en_US","og_type":"article","og_title":"Privacy policy - Equipe BL","og_description":"Respecting your privacy is of the utmost importance to \u00c9quipe BL Agence Immobili\u00e8re, who is responsible for this website. This privacy policy aims to inform you about: 1. Application of this Policy \u00c9quipe BL Agence Immobili\u00e8re reserves the right to modify its privacy policy at any time and without prior notice. You can always review ... Lire l'article","og_url":"https:\/\/equipebl.com\/en\/privacy-policy\/","og_site_name":"Equipe BL","article_publisher":"https:\/\/www.facebook.com\/equipeblimmobilier","article_modified_time":"2025-09-19T20:08:08+00:00","twitter_card":"summary_large_image","twitter_misc":{"Est. reading time":"3 minutes"},"schema":{"@context":"https:\/\/schema.org","@graph":[{"@type":"WebPage","@id":"https:\/\/equipebl.com\/en\/privacy-policy\/","url":"https:\/\/equipebl.com\/en\/privacy-policy\/","name":"Privacy policy - Equipe BL","isPartOf":{"@id":"https:\/\/equipebl.com\/#website"},"datePublished":"2023-02-10T16:14:49+00:00","dateModified":"2025-09-19T20:08:08+00:00","breadcrumb":{"@id":"https:\/\/equipebl.com\/en\/privacy-policy\/#breadcrumb"},"inLanguage":"en-US","potentialAction":[{"@type":"ReadAction","target":["https:\/\/equipebl.com\/en\/privacy-policy\/"]}]},{"@type":"BreadcrumbList","@id":"https:\/\/equipebl.com\/en\/privacy-policy\/#breadcrumb","itemListElement":[{"@type":"ListItem","position":1,"name":"Accueil","item":"https:\/\/equipebl.com\/en\/"},{"@type":"ListItem","position":2,"name":"Privacy policy"}]},{"@type":"WebSite","@id":"https:\/\/equipebl.com\/#website","url":"https:\/\/equipebl.com\/","name":"Equipe BL","description":"","publisher":{"@id":"https:\/\/equipebl.com\/#organization"},"potentialAction":[{"@type":"SearchAction","target":{"@type":"EntryPoint","urlTemplate":"https:\/\/equipebl.com\/?s={search_term_string}"},"query-input":{"@type":"PropertyValueSpecification","valueRequired":true,"valueName":"search_term_string"}}],"inLanguage":"en-US"},{"@type":"Organization","@id":"https:\/\/equipebl.com\/#organization","name":"Equipe BL","url":"https:\/\/equipebl.com\/","logo":{"@type":"ImageObject","inLanguage":"en-US","@id":"https:\/\/equipebl.com\/#\/schema\/logo\/image\/","url":"https:\/\/equipebl.com\/wp-content\/uploads\/2023\/04\/cropped-Logo-Equipe-BL-Header.png","contentUrl":"https:\/\/equipebl.com\/wp-content\/uploads\/2023\/04\/cropped-Logo-Equipe-BL-Header.png","width":250,"height":65,"caption":"Equipe BL"},"image":{"@id":"https:\/\/equipebl.com\/#\/schema\/logo\/image\/"},"sameAs":["https:\/\/www.facebook.com\/equipeblimmobilier"]}]}},"_links":{"self":[{"href":"https:\/\/equipebl.com\/en\/wp-json\/wp\/v2\/pages\/8276","targetHints":{"allow":["GET"]}}],"collection":[{"href":"https:\/\/equipebl.com\/en\/wp-json\/wp\/v2\/pages"}],"about":[{"href":"https:\/\/equipebl.com\/en\/wp-json\/wp\/v2\/types\/page"}],"author":[{"embeddable":true,"href":"https:\/\/equipebl.com\/en\/wp-json\/wp\/v2\/users\/5"}],"replies":[{"embeddable":true,"href":"https:\/\/equipebl.com\/en\/wp-json\/wp\/v2\/comments?post=8276"}],"version-history":[{"count":4,"href":"https:\/\/equipebl.com\/en\/wp-json\/wp\/v2\/pages\/8276\/revisions"}],"predecessor-version":[{"id":14406,"href":"https:\/\/equipebl.com\/en\/wp-json\/wp\/v2\/pages\/8276\/revisions\/14406"}],"wp:attachment":[{"href":"https:\/\/equipebl.com\/en\/wp-json\/wp\/v2\/media?parent=8276"}],"curies":[{"name":"wp","href":"https:\/\/api.w.org\/{rel}","templated":true}]}}